{"id":30375,"date":"2021-04-04T18:31:02","date_gmt":"2021-04-04T18:31:02","guid":{"rendered":"https:\/\/cmasportugal.pt\/one-star-instructor\/"},"modified":"2022-05-27T20:46:42","modified_gmt":"2022-05-27T20:46:42","slug":"one-star-instructor","status":"publish","type":"page","link":"https:\/\/cmasportugal.pt\/es\/one-star-instructor\/","title":{"rendered":"One Star Instructor"},"content":{"rendered":"\t\t<div data-elementor-type=\"wp-page\" data-elementor-id=\"30375\" class=\"elementor elementor-30375 elementor-4865\">\n\t\t\t\t\t\t<section class=\"elementor-section elementor-top-section elementor-element elementor-element-12854747 elementor-section-content-middle elementor-section-boxed elementor-section-height-default elementor-section-height-default\" data-id=\"12854747\" data-element_type=\"section\" data-e-type=\"section\">\n\t\t\t\t\t\t<div class=\"elementor-container elementor-column-gap-no\">\n\t\t\t\t\t<div class=\"elementor-column elementor-col-50 elementor-top-column elementor-element elementor-element-33375e8\" data-id=\"33375e8\" data-element_type=\"column\" data-e-type=\"column\">\n\t\t\t<div class=\"elementor-widget-wrap elementor-element-populated\">\n\t\t\t\t\t\t<div class=\"elementor-element elementor-element-41b5235 elementor-widget elementor-widget-image\" data-id=\"41b5235\" data-element_type=\"widget\" data-e-type=\"widget\" data-widget_type=\"image.default\">\n\t\t\t\t<div class=\"elementor-widget-container\">\n\t\t\t\t\t\t\t\t\t\t\t\t\t\t\t<img fetchpriority=\"high\" decoding=\"async\" width=\"640\" height=\"402\" src=\"https:\/\/cmasportugal.pt\/wp-content\/uploads\/2021\/08\/ONE-STAR-INSTRUCTOR.png\" class=\"attachment-large size-large wp-image-21260\" alt=\"\" srcset=\"https:\/\/cmasportugal.pt\/wp-content\/uploads\/2021\/08\/ONE-STAR-INSTRUCTOR.png 671w, https:\/\/cmasportugal.pt\/wp-content\/uploads\/2021\/08\/ONE-STAR-INSTRUCTOR-600x376.png 600w, https:\/\/cmasportugal.pt\/wp-content\/uploads\/2021\/08\/ONE-STAR-INSTRUCTOR-300x188.png 300w, https:\/\/cmasportugal.pt\/wp-content\/uploads\/2021\/08\/ONE-STAR-INSTRUCTOR-400x251.png 400w\" sizes=\"(max-width: 640px) 100vw, 640px\" \/>\t\t\t\t\t\t\t\t\t\t\t\t\t\t\t<\/div>\n\t\t\t\t<\/div>\n\t\t\t\t\t<\/div>\n\t\t<\/div>\n\t\t\t\t<div class=\"elementor-column elementor-col-50 elementor-top-column elementor-element elementor-element-60381e9d\" data-id=\"60381e9d\" data-element_type=\"column\" data-e-type=\"column\">\n\t\t\t<div class=\"elementor-widget-wrap elementor-element-populated\">\n\t\t\t\t\t\t<div class=\"elementor-element elementor-element-250bd727 elementor-widget elementor-widget-spacer\" data-id=\"250bd727\" data-element_type=\"widget\" data-e-type=\"widget\" data-widget_type=\"spacer.default\">\n\t\t\t\t<div class=\"elementor-widget-container\">\n\t\t\t\t\t\t\t<div class=\"elementor-spacer\">\n\t\t\t<div class=\"elementor-spacer-inner\"><\/div>\n\t\t<\/div>\n\t\t\t\t\t\t<\/div>\n\t\t\t\t<\/div>\n\t\t\t\t<div class=\"elementor-element elementor-element-531310c elementor-widget elementor-widget-heading\" data-id=\"531310c\" data-element_type=\"widget\" data-e-type=\"widget\" data-widget_type=\"heading.default\">\n\t\t\t\t<div class=\"elementor-widget-container\">\n\t\t\t\t\t<h2 class=\"elementor-heading-title elementor-size-default\">One Star Instructor<\/h2>\t\t\t\t<\/div>\n\t\t\t\t<\/div>\n\t\t\t\t<div class=\"elementor-element elementor-element-5409011f elementor-widget elementor-widget-spacer\" data-id=\"5409011f\" data-element_type=\"widget\" data-e-type=\"widget\" data-widget_type=\"spacer.default\">\n\t\t\t\t<div class=\"elementor-widget-container\">\n\t\t\t\t\t\t\t<div class=\"elementor-spacer\">\n\t\t\t<div class=\"elementor-spacer-inner\"><\/div>\n\t\t<\/div>\n\t\t\t\t\t\t<\/div>\n\t\t\t\t<\/div>\n\t\t\t\t<div class=\"elementor-element elementor-element-12fb10f1 elementor-widget elementor-widget-button\" data-id=\"12fb10f1\" data-element_type=\"widget\" data-e-type=\"widget\" data-widget_type=\"button.default\">\n\t\t\t\t<div class=\"elementor-widget-container\">\n\t\t\t\t\t\t\t\t\t<div class=\"elementor-button-wrapper\">\n\t\t\t\t\t<a class=\"elementor-button elementor-button-link elementor-size-sm\" href=\"https:\/\/cmasportugal.pt\/wp-content\/uploads\/2022\/03\/Standard_One_Star_Instructor.pdf\" target=\"_blank\">\n\t\t\t\t\t\t<span class=\"elementor-button-content-wrapper\">\n\t\t\t\t\t\t<span class=\"elementor-button-icon\">\n\t\t\t\t<svg aria-hidden=\"true\" class=\"e-font-icon-svg e-fas-folder-open\" viewBox=\"0 0 576 512\" xmlns=\"http:\/\/www.w3.org\/2000\/svg\"><path d=\"M572.694 292.093L500.27 416.248A63.997 63.997 0 0 1 444.989 448H45.025c-18.523 0-30.064-20.093-20.731-36.093l72.424-124.155A64 64 0 0 1 152 256h399.964c18.523 0 30.064 20.093 20.73 36.093zM152 224h328v-48c0-26.51-21.49-48-48-48H272l-64-64H48C21.49 64 0 85.49 0 112v278.046l69.077-118.418C86.214 242.25 117.989 224 152 224z\"><\/path><\/svg>\t\t\t<\/span>\n\t\t\t\t\t\t\t\t\t<span class=\"elementor-button-text\">STANDARD<\/span>\n\t\t\t\t\t<\/span>\n\t\t\t\t\t<\/a>\n\t\t\t\t<\/div>\n\t\t\t\t\t\t\t\t<\/div>\n\t\t\t\t<\/div>\n\t\t\t\t<div class=\"elementor-element elementor-element-7569720e elementor-widget elementor-widget-spacer\" data-id=\"7569720e\" data-element_type=\"widget\" data-e-type=\"widget\" data-widget_type=\"spacer.default\">\n\t\t\t\t<div class=\"elementor-widget-container\">\n\t\t\t\t\t\t\t<div class=\"elementor-spacer\">\n\t\t\t<div class=\"elementor-spacer-inner\"><\/div>\n\t\t<\/div>\n\t\t\t\t\t\t<\/div>\n\t\t\t\t<\/div>\n\t\t\t\t<div class=\"elementor-element elementor-element-40b33f37 elementor-widget elementor-widget-toggle\" data-id=\"40b33f37\" data-element_type=\"widget\" data-e-type=\"widget\" data-widget_type=\"toggle.default\">\n\t\t\t\t<div class=\"elementor-widget-container\">\n\t\t\t\t\t\t\t<div class=\"elementor-toggle\">\n\t\t\t\t\t\t\t<div class=\"elementor-toggle-item\">\n\t\t\t\t\t<div id=\"elementor-tab-title-1081\" class=\"elementor-tab-title\" data-tab=\"1\" role=\"button\" aria-controls=\"elementor-tab-content-1081\" aria-expanded=\"false\">\n\t\t\t\t\t\t\t\t\t\t\t\t<span class=\"elementor-toggle-icon elementor-toggle-icon-right\" aria-hidden=\"true\">\n\t\t\t\t\t\t\t\t\t\t\t\t\t\t\t<span class=\"elementor-toggle-icon-closed\"><svg class=\"e-font-icon-svg e-fas-caret-right\" viewBox=\"0 0 192 512\" xmlns=\"http:\/\/www.w3.org\/2000\/svg\"><path d=\"M0 384.662V127.338c0-17.818 21.543-26.741 34.142-14.142l128.662 128.662c7.81 7.81 7.81 20.474 0 28.284L34.142 398.804C21.543 411.404 0 402.48 0 384.662z\"><\/path><\/svg><\/span>\n\t\t\t\t\t\t\t\t<span class=\"elementor-toggle-icon-opened\"><svg class=\"elementor-toggle-icon-opened e-font-icon-svg e-fas-caret-up\" viewBox=\"0 0 320 512\" xmlns=\"http:\/\/www.w3.org\/2000\/svg\"><path d=\"M288.662 352H31.338c-17.818 0-26.741-21.543-14.142-34.142l128.662-128.662c7.81-7.81 20.474-7.81 28.284 0l128.662 128.662c12.6 12.599 3.676 34.142-14.142 34.142z\"><\/path><\/svg><\/span>\n\t\t\t\t\t\t\t\t\t\t\t\t\t<\/span>\n\t\t\t\t\t\t\t\t\t\t\t\t<a class=\"elementor-toggle-title\" tabindex=\"0\">DESCRIPCI\u00d3N<\/a>\n\t\t\t\t\t<\/div>\n\n\t\t\t\t\t<div id=\"elementor-tab-content-1081\" class=\"elementor-tab-content elementor-clearfix\" data-tab=\"1\" role=\"region\" aria-labelledby=\"elementor-tab-title-1081\"><div class=\"page\" title=\"Page 2\"><div class=\"layoutArea\"><div class=\"column\"><p>Este programa de formaci\u00f3n tiene como objetivo introducir a los gu\u00edas de buceo de tres estrellas de la CMAS con experiencia en los conceptos b\u00e1sicos, los principios y las t\u00e9cnicas de educaci\u00f3n y formaci\u00f3n de buzos, lo que les permitir\u00e1 convertirse en instructores de los programas de formaci\u00f3n:<\/p><ul><li><span style=\"font-size: 16px;\">Snorkel Diver<\/span><\/li><li><span style=\"font-size: 16px;\">Introductory SCUBA experience<\/span><\/li><li>Especialidades de las que es instructor<\/li><\/ul><p>El instructor de una estrella CMAS puede actuar como asistente de un instructor de dos estrellas CMAS en los componentes de formaci\u00f3n te\u00f3rica y pr\u00e1ctica, sin competencia para la evaluaci\u00f3n y la certificaci\u00f3n, como se define en las normas del programa de formaci\u00f3n CMAS.<\/p><div class=\"page\" title=\"Page 3\"><div class=\"layoutArea\"><div class=\"column\"> <\/div><\/div><\/div><\/div><\/div><\/div><p>Despu\u00e9s de completar esta formaci\u00f3n ser\u00e1s un instructor de acuerdo con las normas NP EN 14413-2.<\/p><\/div>\n\t\t\t\t<\/div>\n\t\t\t\t\t\t\t<div class=\"elementor-toggle-item\">\n\t\t\t\t\t<div id=\"elementor-tab-title-1082\" class=\"elementor-tab-title\" data-tab=\"2\" role=\"button\" aria-controls=\"elementor-tab-content-1082\" aria-expanded=\"false\">\n\t\t\t\t\t\t\t\t\t\t\t\t<span class=\"elementor-toggle-icon elementor-toggle-icon-right\" aria-hidden=\"true\">\n\t\t\t\t\t\t\t\t\t\t\t\t\t\t\t<span class=\"elementor-toggle-icon-closed\"><svg class=\"e-font-icon-svg e-fas-caret-right\" viewBox=\"0 0 192 512\" xmlns=\"http:\/\/www.w3.org\/2000\/svg\"><path d=\"M0 384.662V127.338c0-17.818 21.543-26.741 34.142-14.142l128.662 128.662c7.81 7.81 7.81 20.474 0 28.284L34.142 398.804C21.543 411.404 0 402.48 0 384.662z\"><\/path><\/svg><\/span>\n\t\t\t\t\t\t\t\t<span class=\"elementor-toggle-icon-opened\"><svg class=\"elementor-toggle-icon-opened e-font-icon-svg e-fas-caret-up\" viewBox=\"0 0 320 512\" xmlns=\"http:\/\/www.w3.org\/2000\/svg\"><path d=\"M288.662 352H31.338c-17.818 0-26.741-21.543-14.142-34.142l128.662-128.662c7.81-7.81 20.474-7.81 28.284 0l128.662 128.662c12.6 12.599 3.676 34.142-14.142 34.142z\"><\/path><\/svg><\/span>\n\t\t\t\t\t\t\t\t\t\t\t\t\t<\/span>\n\t\t\t\t\t\t\t\t\t\t\t\t<a class=\"elementor-toggle-title\" tabindex=\"0\">REQUISITOS<\/a>\n\t\t\t\t\t<\/div>\n\n\t\t\t\t\t<div id=\"elementor-tab-content-1082\" class=\"elementor-tab-content elementor-clearfix\" data-tab=\"2\" role=\"region\" aria-labelledby=\"elementor-tab-title-1082\"><p><strong>Edad Minima:<\/strong> 18 a\u00f1os<\/p><p><strong>N\u00famero de inmersiones Inicio del curso:<\/strong>100<\/p><p><strong>Certificaciones:<\/strong><\/p><ul><li>CMAS Three Star Diver<\/li><li>Underwater Navigation<\/li><li>SBV<\/li><li>Oxigen Administration<\/li><li>Rescue Diver<\/li><\/ul><p> <\/p><\/div>\n\t\t\t\t<\/div>\n\t\t\t\t\t\t\t\t<\/div>\n\t\t\t\t\t\t<\/div>\n\t\t\t\t<\/div>\n\t\t\t\t\t<\/div>\n\t\t<\/div>\n\t\t\t\t\t<\/div>\n\t\t<\/section>\n\t\t\t\t<section class=\"elementor-section elementor-top-section elementor-element elementor-element-1bdeccd2 elementor-section-boxed elementor-section-height-default elementor-section-height-default\" data-id=\"1bdeccd2\" data-element_type=\"section\" data-e-type=\"section\">\n\t\t\t\t\t\t<div class=\"elementor-container elementor-column-gap-default\">\n\t\t\t\t\t<div class=\"elementor-column elementor-col-100 elementor-top-column elementor-element elementor-element-3c3b16ab\" data-id=\"3c3b16ab\" data-element_type=\"column\" data-e-type=\"column\">\n\t\t\t<div class=\"elementor-widget-wrap elementor-element-populated\">\n\t\t\t\t\t\t<div class=\"elementor-element elementor-element-57d8c497 elementor-widget-divider--view-line_text elementor-widget-divider--element-align-center elementor-widget elementor-widget-divider\" data-id=\"57d8c497\" data-element_type=\"widget\" data-e-type=\"widget\" data-widget_type=\"divider.default\">\n\t\t\t\t<div class=\"elementor-widget-container\">\n\t\t\t\t\t\t\t<div class=\"elementor-divider\">\n\t\t\t<span class=\"elementor-divider-separator\">\n\t\t\t\t\t\t\t<span class=\"elementor-divider__text elementor-divider__element\">\n\t\t\t\tPROGRAMAS RELACIONADOS\t\t\t\t<\/span>\n\t\t\t\t\t\t<\/span>\n\t\t<\/div>\n\t\t\t\t\t\t<\/div>\n\t\t\t\t<\/div>\n\t\t\t\t\t<\/div>\n\t\t<\/div>\n\t\t\t\t\t<\/div>\n\t\t<\/section>\n\t\t\t\t<section class=\"elementor-section elementor-top-section elementor-element elementor-element-642d9b17 elementor-section-boxed elementor-section-height-default elementor-section-height-default\" data-id=\"642d9b17\" data-element_type=\"section\" data-e-type=\"section\">\n\t\t\t\t\t\t<div class=\"elementor-container elementor-column-gap-default\">\n\t\t\t\t\t<div class=\"elementor-column elementor-col-100 elementor-top-column elementor-element elementor-element-46bbbe28\" data-id=\"46bbbe28\" data-element_type=\"column\" data-e-type=\"column\">\n\t\t\t<div class=\"elementor-widget-wrap elementor-element-populated\">\n\t\t\t\t\t\t<div class=\"elementor-element elementor-element-56f394fd elementor-widget elementor-widget-spacer\" data-id=\"56f394fd\" data-element_type=\"widget\" data-e-type=\"widget\" data-widget_type=\"spacer.default\">\n\t\t\t\t<div class=\"elementor-widget-container\">\n\t\t\t\t\t\t\t<div class=\"elementor-spacer\">\n\t\t\t<div class=\"elementor-spacer-inner\"><\/div>\n\t\t<\/div>\n\t\t\t\t\t\t<\/div>\n\t\t\t\t<\/div>\n\t\t\t\t\t<\/div>\n\t\t<\/div>\n\t\t\t\t\t<\/div>\n\t\t<\/section>\n\t\t\t\t<section class=\"elementor-section elementor-top-section elementor-element elementor-element-552cf648 elementor-section-boxed elementor-section-height-default elementor-section-height-default\" data-id=\"552cf648\" data-element_type=\"section\" data-e-type=\"section\">\n\t\t\t\t\t\t<div class=\"elementor-container elementor-column-gap-default\">\n\t\t\t\t\t<div class=\"elementor-column elementor-col-33 elementor-top-column elementor-element elementor-element-2a78ff67\" data-id=\"2a78ff67\" data-element_type=\"column\" data-e-type=\"column\">\n\t\t\t<div class=\"elementor-widget-wrap elementor-element-populated\">\n\t\t\t\t\t\t<div class=\"elementor-element elementor-element-79ca58b5 elementor-position-top elementor-widget elementor-widget-image-box\" data-id=\"79ca58b5\" data-element_type=\"widget\" data-e-type=\"widget\" data-widget_type=\"image-box.default\">\n\t\t\t\t<div class=\"elementor-widget-container\">\n\t\t\t\t\t<div class=\"elementor-image-box-wrapper\"><figure class=\"elementor-image-box-img\"><img decoding=\"async\" width=\"671\" height=\"421\" src=\"https:\/\/cmasportugal.pt\/wp-content\/uploads\/2021\/08\/THREE-STAR-DIVER.png\" class=\"attachment-full size-full wp-image-21276\" alt=\"\" srcset=\"https:\/\/cmasportugal.pt\/wp-content\/uploads\/2021\/08\/THREE-STAR-DIVER.png 671w, https:\/\/cmasportugal.pt\/wp-content\/uploads\/2021\/08\/THREE-STAR-DIVER-600x376.png 600w, https:\/\/cmasportugal.pt\/wp-content\/uploads\/2021\/08\/THREE-STAR-DIVER-300x188.png 300w, https:\/\/cmasportugal.pt\/wp-content\/uploads\/2021\/08\/THREE-STAR-DIVER-400x251.png 400w\" sizes=\"(max-width: 671px) 100vw, 671px\" \/><\/figure><div class=\"elementor-image-box-content\"><h3 class=\"elementor-image-box-title\">Three Star Diver<\/h3><p class=\"elementor-image-box-description\">L\u00edder de Buceo<\/p><\/div><\/div>\t\t\t\t<\/div>\n\t\t\t\t<\/div>\n\t\t\t\t\t<\/div>\n\t\t<\/div>\n\t\t\t\t<div class=\"elementor-column elementor-col-33 elementor-top-column elementor-element elementor-element-a2c7409\" data-id=\"a2c7409\" data-element_type=\"column\" data-e-type=\"column\">\n\t\t\t<div class=\"elementor-widget-wrap elementor-element-populated\">\n\t\t\t\t\t\t<div class=\"elementor-element elementor-element-20db4660 elementor-position-top elementor-widget elementor-widget-image-box\" data-id=\"20db4660\" data-element_type=\"widget\" data-e-type=\"widget\" data-widget_type=\"image-box.default\">\n\t\t\t\t<div class=\"elementor-widget-container\">\n\t\t\t\t\t<div class=\"elementor-image-box-wrapper\"><figure class=\"elementor-image-box-img\"><img decoding=\"async\" width=\"671\" height=\"421\" src=\"https:\/\/cmasportugal.pt\/wp-content\/uploads\/2021\/08\/TWO-STAR-INSTRUCTOR.png\" class=\"attachment-full size-full wp-image-21266\" alt=\"\" srcset=\"https:\/\/cmasportugal.pt\/wp-content\/uploads\/2021\/08\/TWO-STAR-INSTRUCTOR.png 671w, https:\/\/cmasportugal.pt\/wp-content\/uploads\/2021\/08\/TWO-STAR-INSTRUCTOR-600x376.png 600w, https:\/\/cmasportugal.pt\/wp-content\/uploads\/2021\/08\/TWO-STAR-INSTRUCTOR-300x188.png 300w, https:\/\/cmasportugal.pt\/wp-content\/uploads\/2021\/08\/TWO-STAR-INSTRUCTOR-400x251.png 400w\" sizes=\"(max-width: 671px) 100vw, 671px\" \/><\/figure><div class=\"elementor-image-box-content\"><h3 class=\"elementor-image-box-title\">Two Star Instructor<\/h3><p class=\"elementor-image-box-description\">CMAS M2<\/p><\/div><\/div>\t\t\t\t<\/div>\n\t\t\t\t<\/div>\n\t\t\t\t\t<\/div>\n\t\t<\/div>\n\t\t\t\t<div class=\"elementor-column elementor-col-33 elementor-top-column elementor-element elementor-element-71ed30e0\" data-id=\"71ed30e0\" data-element_type=\"column\" data-e-type=\"column\">\n\t\t\t<div class=\"elementor-widget-wrap elementor-element-populated\">\n\t\t\t\t\t\t<div class=\"elementor-element elementor-element-4ba51275 elementor-position-top elementor-widget elementor-widget-image-box\" data-id=\"4ba51275\" data-element_type=\"widget\" data-e-type=\"widget\" data-widget_type=\"image-box.default\">\n\t\t\t\t<div class=\"elementor-widget-container\">\n\t\t\t\t\t<div class=\"elementor-image-box-wrapper\"><figure class=\"elementor-image-box-img\"><img loading=\"lazy\" decoding=\"async\" width=\"672\" height=\"420\" src=\"https:\/\/cmasportugal.pt\/wp-content\/uploads\/2021\/08\/THREE-STAR-INSTRUCTOR.png\" class=\"attachment-full size-full wp-image-21263\" alt=\"\" srcset=\"https:\/\/cmasportugal.pt\/wp-content\/uploads\/2021\/08\/THREE-STAR-INSTRUCTOR.png 672w, https:\/\/cmasportugal.pt\/wp-content\/uploads\/2021\/08\/THREE-STAR-INSTRUCTOR-600x375.png 600w, https:\/\/cmasportugal.pt\/wp-content\/uploads\/2021\/08\/THREE-STAR-INSTRUCTOR-300x188.png 300w, https:\/\/cmasportugal.pt\/wp-content\/uploads\/2021\/08\/THREE-STAR-INSTRUCTOR-400x250.png 400w\" sizes=\"(max-width: 672px) 100vw, 672px\" \/><\/figure><div class=\"elementor-image-box-content\"><h3 class=\"elementor-image-box-title\">Three Star Instructor<\/h3><p class=\"elementor-image-box-description\">CMAS M3<\/p><\/div><\/div>\t\t\t\t<\/div>\n\t\t\t\t<\/div>\n\t\t\t\t\t<\/div>\n\t\t<\/div>\n\t\t\t\t\t<\/div>\n\t\t<\/section>\n\t\t\t\t<section class=\"elementor-section elementor-top-section elementor-element elementor-element-6fef3703 elementor-section-boxed elementor-section-height-default elementor-section-height-default\" data-id=\"6fef3703\" data-element_type=\"section\" data-e-type=\"section\">\n\t\t\t\t\t\t<div class=\"elementor-container elementor-column-gap-default\">\n\t\t\t\t\t<div class=\"elementor-column elementor-col-100 elementor-top-column elementor-element elementor-element-6752638f\" data-id=\"6752638f\" data-element_type=\"column\" data-e-type=\"column\">\n\t\t\t<div class=\"elementor-widget-wrap elementor-element-populated\">\n\t\t\t\t\t\t<div class=\"elementor-element elementor-element-7fce3e21 elementor-widget elementor-widget-spacer\" data-id=\"7fce3e21\" data-element_type=\"widget\" data-e-type=\"widget\" data-widget_type=\"spacer.default\">\n\t\t\t\t<div class=\"elementor-widget-container\">\n\t\t\t\t\t\t\t<div class=\"elementor-spacer\">\n\t\t\t<div class=\"elementor-spacer-inner\"><\/div>\n\t\t<\/div>\n\t\t\t\t\t\t<\/div>\n\t\t\t\t<\/div>\n\t\t\t\t\t<\/div>\n\t\t<\/div>\n\t\t\t\t\t<\/div>\n\t\t<\/section>\n\t\t\t\t<\/div>\n\t\t","protected":false},"excerpt":{"rendered":"<p>One Star Instructor STANDARD DESCRIPCI\u00d3N Este programa de formaci\u00f3n tiene como objetivo introducir a los gu\u00edas de buceo de tres estrellas de la CMAS con&hellip;<\/p>\n","protected":false},"author":1,"featured_media":0,"parent":0,"menu_order":0,"comment_status":"closed","ping_status":"closed","template":"elementor_header_footer","meta":{"_uag_custom_page_level_css":"","footnotes":""},"class_list":["post-30375","page","type-page","status-publish","hentry"],"uagb_featured_image_src":{"full":false,"thumbnail":false,"medium":false,"medium_large":false,"large":false,"1536x1536":false,"2048x2048":false,"post-thumbnail":false,"gamipress-points":false,"gamipress-achievement":false,"gamipress-rank":false,"woocommerce_thumbnail":false,"woocommerce_single":false,"woocommerce_gallery_thumbnail":false},"uagb_author_info":{"display_name":"CMAS Portugal","author_link":"https:\/\/cmasportugal.pt\/es\/author\/admin\/"},"uagb_comment_info":0,"uagb_excerpt":"One Star Instructor STANDARD DESCRIPCI\u00d3N Este programa de formaci\u00f3n tiene como objetivo introducir a los gu\u00edas de buceo de tres estrellas de la CMAS con&hellip;","_links":{"self":[{"href":"https:\/\/cmasportugal.pt\/es\/wp-json\/wp\/v2\/pages\/30375","targetHints":{"allow":["GET"]}}],"collection":[{"href":"https:\/\/cmasportugal.pt\/es\/wp-json\/wp\/v2\/pages"}],"about":[{"href":"https:\/\/cmasportugal.pt\/es\/wp-json\/wp\/v2\/types\/page"}],"author":[{"embeddable":true,"href":"https:\/\/cmasportugal.pt\/es\/wp-json\/wp\/v2\/users\/1"}],"replies":[{"embeddable":true,"href":"https:\/\/cmasportugal.pt\/es\/wp-json\/wp\/v2\/comments?post=30375"}],"version-history":[{"count":1,"href":"https:\/\/cmasportugal.pt\/es\/wp-json\/wp\/v2\/pages\/30375\/revisions"}],"predecessor-version":[{"id":30376,"href":"https:\/\/cmasportugal.pt\/es\/wp-json\/wp\/v2\/pages\/30375\/revisions\/30376"}],"wp:attachment":[{"href":"https:\/\/cmasportugal.pt\/es\/wp-json\/wp\/v2\/media?parent=30375"}],"curies":[{"name":"wp","href":"https:\/\/api.w.org\/{rel}","templated":true}]}}